{"id":1057,"date":"2020-06-01T01:33:10","date_gmt":"2020-06-01T01:33:10","guid":{"rendered":"http:\/\/wp.dynamiclayers.net\/arkit\/projects-3-col-copy-copy\/"},"modified":"2025-05-25T21:10:00","modified_gmt":"2025-05-26T00:10:00","slug":"projects-2-col","status":"publish","type":"page","link":"https:\/\/loreanaramos.com.br\/?page_id=1057","title":{"rendered":"Projects 2 Col"},"content":{"rendered":"\t\t<div data-elementor-type=\"wp-page\" data-elementor-id=\"1057\" class=\"elementor elementor-1057\">\n\t\t\t\t<div class=\"elementor-element elementor-element-eb0e978 e-flex e-con-boxed e-con e-parent\" data-id=\"eb0e978\" data-element_type=\"container\" data-settings=\"{&quot;background_background&quot;:&quot;classic&quot;}\">\n\t\t\t\t\t<div class=\"e-con-inner\">\n\t\t\t\t<div class=\"elementor-element elementor-element-0643c25 elementor-widget elementor-widget-shortcode\" data-id=\"0643c25\" data-element_type=\"widget\" data-widget_type=\"shortcode.default\">\n\t\t\t\t<div class=\"elementor-widget-container\">\n\t\t\t\t\t\t\t<div class=\"elementor-shortcode\"><style id=\"depicter-22-inline-pre-css\">\n\n.depicter-22:not(.depicter-ready){\n\theight:700px;\n}\n\n\/***** Tablet *****\/\n@media screen and (max-width: 1024px){\n\n.depicter-22:not(.depicter-ready){\n\theight:700px;\n}\n\n}\n\/***** Mobile *****\/\n@media screen and (max-width: 767px){\n\n.depicter-22:not(.depicter-ready){\n\theight:740px;\n}\n\n}\n<\/style>\n<div id=\"depicter-22\" class=\"depicter depicter-document depicter-revert depicter-22 depicter-layout-fullwidth\">\n\n<div class=\"depicter-loading-container depicter-loading dotFlashing-dark\"><div class=\"depicter-loading-dark depicter-dot-flashing\">\n   <span><\/span>\n   <span><\/span>\n   <span><\/span>\n<\/div>\n<\/div>\n<div id=\"depicter-22-section-1\" class=\"depicter-section depicter-22-section-1\" data-name=\"Section 1\" data-type=\"section\" data-local-id=\"section-1\">\n<div data-autoplay=\"true\" data-loop=\"true\" data-player-type=\"native\" data-muted=\"true\" data-controls data-video-src=\"https:\/\/loreanaramos.com.br\/wp-content\/uploads\/2025\/03\/TODOS1.mp4\" id=\"depicter-22-element-3\" class=\"depicter-element depicter-layer depicter-22-element-3\" data-type=\"video\" data-wrap=\"true\" data-name=\"Video 2\" data-local-id=\"element-3\" data-offset=\"x:-113px;y:12px;origin:tl\" data-mobile-offset=\"x:1px;y:12px;origin:tl\" data-width=\"1426px,,359px\" data-height=\"auto,,\" data-responsive-scale=\"true,,\"><\/div>\n<\/div>\n<\/div>\n<script>\n(window.depicterSetups = window.depicterSetups || []).push(function(){\n\tDepicter.basePath = 'https:\/\/loreanaramos.com.br\/wp-content\/plugins\/depicter\/resources\/scripts\/player\/';\n\tconst dpPlayer = Depicter.setup('.depicter-22',\n\t\t{\"width\":[\"1200\",\"1024\",\"360\"],\"height\":[\"700\",\"700\",\"740\"],\"view\":\"basic\",\"keepAspectRatio\":true,\"preload\":0,\"layout\":\"fullwidth\",\"rtl\":false,\"initAfterAppear\":false,\"ajaxApiUrl\":\"https:\\\/\\\/loreanaramos.com.br\\\/wp-admin\\\/admin-ajax.php\",\"mouseSwipe\":true,\"touchSwipe\":true,\"useWatermark\":false}\n\t);\n});\n<\/script><\/div>\n\t\t\t\t\t\t<\/div>\n\t\t\t\t<\/div>\n\t\t\t\t\t<\/div>\n\t\t\t\t<\/div>\n\t\t\t\t<section class=\"elementor-section elementor-top-section elementor-element elementor-element-b941f20 elementor-section-boxed elementor-section-height-default elementor-section-height-default\" data-id=\"b941f20\" data-element_type=\"section\" data-settings=\"{&quot;background_background&quot;:&quot;classic&quot;}\">\n\t\t\t\t\t\t<div class=\"elementor-container elementor-column-gap-default\">\n\t\t\t\t\t<div class=\"elementor-column elementor-col-100 elementor-top-column elementor-element elementor-element-bf0c41d\" data-id=\"bf0c41d\" data-element_type=\"column\">\n\t\t\t<div class=\"elementor-widget-wrap elementor-element-populated\">\n\t\t\t\t\t\t<div class=\"elementor-element elementor-element-7de0cae elementor-widget elementor-widget-arkid_projects\" data-id=\"7de0cae\" data-element_type=\"widget\" data-settings=\"{&quot;dl_col_desktop&quot;:&quot;2&quot;,&quot;dl_col_tablet&quot;:&quot;2&quot;,&quot;dl_col_mobile&quot;:&quot;1&quot;}\" data-widget_type=\"arkid_projects.default\">\n\t\t\t\t<div class=\"elementor-widget-container\">\n\t\t\t\t\t\t\t<div id=\"wt-at-7de0cae\">\r\n\t\t\t\r\n\t\t\t\t<div class=\"dl-filter-wrap center\">\r\n\t\t\t<ul class=\"dl-project-filter\">\r\n\t\t\t\t<li class=\"active\" data-filter=\"*\">All Projects<\/li>\r\n\t\t\t\t<li data-filter=\".dl-filter-44\">Arquitet\u00f4nico<\/li><li data-filter=\".dl-filter-37\">Interior<\/li><li data-filter=\".dl-filter-47\">Reforma<\/li><li data-filter=\".dl-filter-46\">Retrofit<\/li>\t\t\t<\/ul><!-- \/.dl-project-filter -->\r\n\t\t<\/div>\r\n\t\t\r\n\t\t<div class=\"dl-projects dl-project-items wt-row  wt-column-desktop-2 wt-column-tablet-2 wt-column-mobile-1\" data-carousel=\"false\">\r\n\t\t\t\t\t<div class=\"wt-col project-selector dl-filter-44 \">\r\n\t\t\t\t\t\t<div class=\"dl-project-box\">\r\n\t\t\t<div class=\"project-thumb\">\r\n\t\t\t<img fetchpriority=\"high\" decoding=\"async\" width=\"768\" height=\"768\" src=\"https:\/\/loreanaramos.com.br\/wp-content\/uploads\/2020\/05\/Casa-Americo-768x768.jpg\" class=\"attachment-medium_large size-medium_large wp-post-image\" alt=\"\" srcset=\"https:\/\/loreanaramos.com.br\/wp-content\/uploads\/2020\/05\/Casa-Americo-768x768.jpg 768w, https:\/\/loreanaramos.com.br\/wp-content\/uploads\/2020\/05\/Casa-Americo-300x300.jpg 300w, https:\/\/loreanaramos.com.br\/wp-content\/uploads\/2020\/05\/Casa-Americo-1024x1024.jpg 1024w, https:\/\/loreanaramos.com.br\/wp-content\/uploads\/2020\/05\/Casa-Americo-150x150.jpg 150w, https:\/\/loreanaramos.com.br\/wp-content\/uploads\/2020\/05\/Casa-Americo-200x200.jpg 200w, https:\/\/loreanaramos.com.br\/wp-content\/uploads\/2020\/05\/Casa-Americo.jpg 1080w\" sizes=\"(max-width: 768px) 100vw, 768px\" \/>\t\t\t<\/div>\r\n\t\t\t<div class=\"project-content\">\r\n\t\t\t<span>Arquitet\u00f4nico<\/span>\t\t\t\t<h3><a href=\"https:\/\/loreanaramos.com.br\/?dl-project=st-marks-lane-house-dorrington-atcheson\">Casa Am\u00e9rica<\/a><\/h3>\r\n\t\t\t<\/div>\r\n\t\t\t<a href=\"https:\/\/loreanaramos.com.br\/?dl-project=st-marks-lane-house-dorrington-atcheson\" class=\"overlay\"><\/a>\r\n\t\t\t<a class=\"project-lightbox\" href=\"https:\/\/loreanaramos.com.br\/wp-content\/uploads\/2020\/05\/Casa-Americo.jpg\" data-elementor-open-lightbox=\"yes\" data-elementor-lightbox-slideshow=\"7de0cae\" data-elementor-lightbox-title=\"Casa Am\u00e9rica\"><svg xmlns=\"http:\/\/www.w3.org\/2000\/svg\" viewBox=\"0 0 448 512\"><path d=\"M32 32C14.3 32 0 46.3 0 64l0 96c0 17.7 14.3 32 32 32s32-14.3 32-32l0-64 64 0c17.7 0 32-14.3 32-32s-14.3-32-32-32L32 32zM64 352c0-17.7-14.3-32-32-32s-32 14.3-32 32l0 96c0 17.7 14.3 32 32 32l96 0c17.7 0 32-14.3 32-32s-14.3-32-32-32l-64 0 0-64zM320 32c-17.7 0-32 14.3-32 32s14.3 32 32 32l64 0 0 64c0 17.7 14.3 32 32 32s32-14.3 32-32l0-96c0-17.7-14.3-32-32-32l-96 0zM448 352c0-17.7-14.3-32-32-32s-32 14.3-32 32l0 64-64 0c-17.7 0-32 14.3-32 32s14.3 32 32 32l96 0c17.7 0 32-14.3 32-32l0-96z\"\/><\/svg><\/a>\t\t<\/div>\r\n\t\t\t\t\t<\/div>\r\n\t\t\t\t\t\t<div class=\"wt-col project-selector dl-filter-44 \">\r\n\t\t\t\t\t\t<div class=\"dl-project-box\">\r\n\t\t\t<div class=\"project-thumb\">\r\n\t\t\t<img decoding=\"async\" width=\"768\" height=\"768\" src=\"https:\/\/loreanaramos.com.br\/wp-content\/uploads\/2020\/05\/casa-SSG-carro-768x768.jpg\" class=\"attachment-medium_large size-medium_large wp-post-image\" alt=\"\" srcset=\"https:\/\/loreanaramos.com.br\/wp-content\/uploads\/2020\/05\/casa-SSG-carro-768x768.jpg 768w, https:\/\/loreanaramos.com.br\/wp-content\/uploads\/2020\/05\/casa-SSG-carro-300x300.jpg 300w, https:\/\/loreanaramos.com.br\/wp-content\/uploads\/2020\/05\/casa-SSG-carro-1024x1024.jpg 1024w, https:\/\/loreanaramos.com.br\/wp-content\/uploads\/2020\/05\/casa-SSG-carro-150x150.jpg 150w, https:\/\/loreanaramos.com.br\/wp-content\/uploads\/2020\/05\/casa-SSG-carro-200x200.jpg 200w, https:\/\/loreanaramos.com.br\/wp-content\/uploads\/2020\/05\/casa-SSG-carro.jpg 1080w\" sizes=\"(max-width: 768px) 100vw, 768px\" \/>\t\t\t<\/div>\r\n\t\t\t<div class=\"project-content\">\r\n\t\t\t<span>Arquitet\u00f4nico<\/span>\t\t\t\t<h3><a href=\"https:\/\/loreanaramos.com.br\/?dl-project=casa-ssg\">Casa SSG<\/a><\/h3>\r\n\t\t\t<\/div>\r\n\t\t\t<a href=\"https:\/\/loreanaramos.com.br\/?dl-project=casa-ssg\" class=\"overlay\"><\/a>\r\n\t\t\t<a class=\"project-lightbox\" href=\"https:\/\/loreanaramos.com.br\/wp-content\/uploads\/2020\/05\/casa-SSG-carro.jpg\" data-elementor-open-lightbox=\"yes\" data-elementor-lightbox-slideshow=\"7de0cae\" data-elementor-lightbox-title=\"Casa SSG\"><svg xmlns=\"http:\/\/www.w3.org\/2000\/svg\" viewBox=\"0 0 448 512\"><path d=\"M32 32C14.3 32 0 46.3 0 64l0 96c0 17.7 14.3 32 32 32s32-14.3 32-32l0-64 64 0c17.7 0 32-14.3 32-32s-14.3-32-32-32L32 32zM64 352c0-17.7-14.3-32-32-32s-32 14.3-32 32l0 96c0 17.7 14.3 32 32 32l96 0c17.7 0 32-14.3 32-32s-14.3-32-32-32l-64 0 0-64zM320 32c-17.7 0-32 14.3-32 32s14.3 32 32 32l64 0 0 64c0 17.7 14.3 32 32 32s32-14.3 32-32l0-96c0-17.7-14.3-32-32-32l-96 0zM448 352c0-17.7-14.3-32-32-32s-32 14.3-32 32l0 64-64 0c-17.7 0-32 14.3-32 32s14.3 32 32 32l96 0c17.7 0 32-14.3 32-32l0-96z\"\/><\/svg><\/a>\t\t<\/div>\r\n\t\t\t\t\t<\/div>\r\n\t\t\t\t\t\t<div class=\"wt-col project-selector dl-filter-44 \">\r\n\t\t\t\t\t\t<div class=\"dl-project-box\">\r\n\t\t\t<div class=\"project-thumb\">\r\n\t\t\t<img decoding=\"async\" width=\"768\" height=\"768\" src=\"https:\/\/loreanaramos.com.br\/wp-content\/uploads\/2020\/05\/casa-fazenda-carro-768x768.jpg\" class=\"attachment-medium_large size-medium_large wp-post-image\" alt=\"\" srcset=\"https:\/\/loreanaramos.com.br\/wp-content\/uploads\/2020\/05\/casa-fazenda-carro-768x768.jpg 768w, https:\/\/loreanaramos.com.br\/wp-content\/uploads\/2020\/05\/casa-fazenda-carro-300x300.jpg 300w, https:\/\/loreanaramos.com.br\/wp-content\/uploads\/2020\/05\/casa-fazenda-carro-1024x1024.jpg 1024w, https:\/\/loreanaramos.com.br\/wp-content\/uploads\/2020\/05\/casa-fazenda-carro-150x150.jpg 150w, https:\/\/loreanaramos.com.br\/wp-content\/uploads\/2020\/05\/casa-fazenda-carro-200x200.jpg 200w, https:\/\/loreanaramos.com.br\/wp-content\/uploads\/2020\/05\/casa-fazenda-carro.jpg 1080w\" sizes=\"(max-width: 768px) 100vw, 768px\" \/>\t\t\t<\/div>\r\n\t\t\t<div class=\"project-content\">\r\n\t\t\t<span>Arquitet\u00f4nico<\/span>\t\t\t\t<h3><a href=\"https:\/\/loreanaramos.com.br\/?dl-project=casa-fazenda\">Casa Fazenda<\/a><\/h3>\r\n\t\t\t<\/div>\r\n\t\t\t<a href=\"https:\/\/loreanaramos.com.br\/?dl-project=casa-fazenda\" class=\"overlay\"><\/a>\r\n\t\t\t<a class=\"project-lightbox\" href=\"https:\/\/loreanaramos.com.br\/wp-content\/uploads\/2020\/05\/casa-fazenda-carro.jpg\" data-elementor-open-lightbox=\"yes\" data-elementor-lightbox-slideshow=\"7de0cae\" data-elementor-lightbox-title=\"Casa Fazenda\"><svg xmlns=\"http:\/\/www.w3.org\/2000\/svg\" viewBox=\"0 0 448 512\"><path d=\"M32 32C14.3 32 0 46.3 0 64l0 96c0 17.7 14.3 32 32 32s32-14.3 32-32l0-64 64 0c17.7 0 32-14.3 32-32s-14.3-32-32-32L32 32zM64 352c0-17.7-14.3-32-32-32s-32 14.3-32 32l0 96c0 17.7 14.3 32 32 32l96 0c17.7 0 32-14.3 32-32s-14.3-32-32-32l-64 0 0-64zM320 32c-17.7 0-32 14.3-32 32s14.3 32 32 32l64 0 0 64c0 17.7 14.3 32 32 32s32-14.3 32-32l0-96c0-17.7-14.3-32-32-32l-96 0zM448 352c0-17.7-14.3-32-32-32s-32 14.3-32 32l0 64-64 0c-17.7 0-32 14.3-32 32s14.3 32 32 32l96 0c17.7 0 32-14.3 32-32l0-96z\"\/><\/svg><\/a>\t\t<\/div>\r\n\t\t\t\t\t<\/div>\r\n\t\t\t\t\t\t<div class=\"wt-col project-selector dl-filter-37 \">\r\n\t\t\t\t\t\t<div class=\"dl-project-box\">\r\n\t\t\t<div class=\"project-thumb\">\r\n\t\t\t<img loading=\"lazy\" decoding=\"async\" width=\"768\" height=\"768\" src=\"https:\/\/loreanaramos.com.br\/wp-content\/uploads\/2020\/05\/P16-768x768.png\" class=\"attachment-medium_large size-medium_large wp-post-image\" alt=\"\" srcset=\"https:\/\/loreanaramos.com.br\/wp-content\/uploads\/2020\/05\/P16-768x768.png 768w, https:\/\/loreanaramos.com.br\/wp-content\/uploads\/2020\/05\/P16-300x300.png 300w, https:\/\/loreanaramos.com.br\/wp-content\/uploads\/2020\/05\/P16-1024x1024.png 1024w, https:\/\/loreanaramos.com.br\/wp-content\/uploads\/2020\/05\/P16-150x150.png 150w, https:\/\/loreanaramos.com.br\/wp-content\/uploads\/2020\/05\/P16-200x200.png 200w, https:\/\/loreanaramos.com.br\/wp-content\/uploads\/2020\/05\/P16.png 1080w\" sizes=\"(max-width: 768px) 100vw, 768px\" \/>\t\t\t<\/div>\r\n\t\t\t<div class=\"project-content\">\r\n\t\t\t<span>Interior<\/span>\t\t\t\t<h3><a href=\"https:\/\/loreanaramos.com.br\/?dl-project=casa-villani\">Casa Villani<\/a><\/h3>\r\n\t\t\t<\/div>\r\n\t\t\t<a href=\"https:\/\/loreanaramos.com.br\/?dl-project=casa-villani\" class=\"overlay\"><\/a>\r\n\t\t\t<a class=\"project-lightbox\" href=\"https:\/\/loreanaramos.com.br\/wp-content\/uploads\/2020\/05\/P16.png\" data-elementor-open-lightbox=\"yes\" data-elementor-lightbox-slideshow=\"7de0cae\" data-elementor-lightbox-title=\"Casa Villani\"><svg xmlns=\"http:\/\/www.w3.org\/2000\/svg\" viewBox=\"0 0 448 512\"><path d=\"M32 32C14.3 32 0 46.3 0 64l0 96c0 17.7 14.3 32 32 32s32-14.3 32-32l0-64 64 0c17.7 0 32-14.3 32-32s-14.3-32-32-32L32 32zM64 352c0-17.7-14.3-32-32-32s-32 14.3-32 32l0 96c0 17.7 14.3 32 32 32l96 0c17.7 0 32-14.3 32-32s-14.3-32-32-32l-64 0 0-64zM320 32c-17.7 0-32 14.3-32 32s14.3 32 32 32l64 0 0 64c0 17.7 14.3 32 32 32s32-14.3 32-32l0-96c0-17.7-14.3-32-32-32l-96 0zM448 352c0-17.7-14.3-32-32-32s-32 14.3-32 32l0 64-64 0c-17.7 0-32 14.3-32 32s14.3 32 32 32l96 0c17.7 0 32-14.3 32-32l0-96z\"\/><\/svg><\/a>\t\t<\/div>\r\n\t\t\t\t\t<\/div>\r\n\t\t\t\t\t\t<div class=\"wt-col project-selector dl-filter-44 \">\r\n\t\t\t\t\t\t<div class=\"dl-project-box\">\r\n\t\t\t<div class=\"project-thumb\">\r\n\t\t\t<img loading=\"lazy\" decoding=\"async\" width=\"768\" height=\"768\" src=\"https:\/\/loreanaramos.com.br\/wp-content\/uploads\/2025\/03\/P26-768x768.png\" class=\"attachment-medium_large size-medium_large wp-post-image\" alt=\"\" srcset=\"https:\/\/loreanaramos.com.br\/wp-content\/uploads\/2025\/03\/P26-768x768.png 768w, https:\/\/loreanaramos.com.br\/wp-content\/uploads\/2025\/03\/P26-300x300.png 300w, https:\/\/loreanaramos.com.br\/wp-content\/uploads\/2025\/03\/P26-1024x1024.png 1024w, https:\/\/loreanaramos.com.br\/wp-content\/uploads\/2025\/03\/P26-150x150.png 150w, https:\/\/loreanaramos.com.br\/wp-content\/uploads\/2025\/03\/P26-200x200.png 200w, https:\/\/loreanaramos.com.br\/wp-content\/uploads\/2025\/03\/P26.png 1080w\" sizes=\"(max-width: 768px) 100vw, 768px\" \/>\t\t\t<\/div>\r\n\t\t\t<div class=\"project-content\">\r\n\t\t\t<span>Arquitet\u00f4nico<\/span>\t\t\t\t<h3><a href=\"https:\/\/loreanaramos.com.br\/?dl-project=casa-jardins\">Casa Jardins<\/a><\/h3>\r\n\t\t\t<\/div>\r\n\t\t\t<a href=\"https:\/\/loreanaramos.com.br\/?dl-project=casa-jardins\" class=\"overlay\"><\/a>\r\n\t\t\t<a class=\"project-lightbox\" href=\"https:\/\/loreanaramos.com.br\/wp-content\/uploads\/2025\/03\/P26.png\" data-elementor-open-lightbox=\"yes\" data-elementor-lightbox-slideshow=\"7de0cae\" data-elementor-lightbox-title=\"Casa Jardins\"><svg xmlns=\"http:\/\/www.w3.org\/2000\/svg\" viewBox=\"0 0 448 512\"><path d=\"M32 32C14.3 32 0 46.3 0 64l0 96c0 17.7 14.3 32 32 32s32-14.3 32-32l0-64 64 0c17.7 0 32-14.3 32-32s-14.3-32-32-32L32 32zM64 352c0-17.7-14.3-32-32-32s-32 14.3-32 32l0 96c0 17.7 14.3 32 32 32l96 0c17.7 0 32-14.3 32-32s-14.3-32-32-32l-64 0 0-64zM320 32c-17.7 0-32 14.3-32 32s14.3 32 32 32l64 0 0 64c0 17.7 14.3 32 32 32s32-14.3 32-32l0-96c0-17.7-14.3-32-32-32l-96 0zM448 352c0-17.7-14.3-32-32-32s-32 14.3-32 32l0 64-64 0c-17.7 0-32 14.3-32 32s14.3 32 32 32l96 0c17.7 0 32-14.3 32-32l0-96z\"\/><\/svg><\/a>\t\t<\/div>\r\n\t\t\t\t\t<\/div>\r\n\t\t\t\t\t\t<div class=\"wt-col project-selector dl-filter-47 dl-filter-46 \">\r\n\t\t\t\t\t\t<div class=\"dl-project-box\">\r\n\t\t\t<div class=\"project-thumb\">\r\n\t\t\t<img loading=\"lazy\" decoding=\"async\" width=\"768\" height=\"768\" src=\"https:\/\/loreanaramos.com.br\/wp-content\/uploads\/2025\/03\/P11-768x768.png\" class=\"attachment-medium_large size-medium_large wp-post-image\" alt=\"\" srcset=\"https:\/\/loreanaramos.com.br\/wp-content\/uploads\/2025\/03\/P11-768x768.png 768w, https:\/\/loreanaramos.com.br\/wp-content\/uploads\/2025\/03\/P11-300x300.png 300w, https:\/\/loreanaramos.com.br\/wp-content\/uploads\/2025\/03\/P11-1024x1024.png 1024w, https:\/\/loreanaramos.com.br\/wp-content\/uploads\/2025\/03\/P11-150x150.png 150w, https:\/\/loreanaramos.com.br\/wp-content\/uploads\/2025\/03\/P11-200x200.png 200w, https:\/\/loreanaramos.com.br\/wp-content\/uploads\/2025\/03\/P11.png 1080w\" sizes=\"(max-width: 768px) 100vw, 768px\" \/>\t\t\t<\/div>\r\n\t\t\t<div class=\"project-content\">\r\n\t\t\t<span>Reforma<\/span>\t\t\t\t<h3><a href=\"https:\/\/loreanaramos.com.br\/?dl-project=retrofit-atelie\">Retrofit Ateli\u00ea<\/a><\/h3>\r\n\t\t\t<\/div>\r\n\t\t\t<a href=\"https:\/\/loreanaramos.com.br\/?dl-project=retrofit-atelie\" class=\"overlay\"><\/a>\r\n\t\t\t<a class=\"project-lightbox\" href=\"https:\/\/loreanaramos.com.br\/wp-content\/uploads\/2025\/03\/P11.png\" data-elementor-open-lightbox=\"yes\" data-elementor-lightbox-slideshow=\"7de0cae\" data-elementor-lightbox-title=\"Retrofit Ateli\u00ea\"><svg xmlns=\"http:\/\/www.w3.org\/2000\/svg\" viewBox=\"0 0 448 512\"><path d=\"M32 32C14.3 32 0 46.3 0 64l0 96c0 17.7 14.3 32 32 32s32-14.3 32-32l0-64 64 0c17.7 0 32-14.3 32-32s-14.3-32-32-32L32 32zM64 352c0-17.7-14.3-32-32-32s-32 14.3-32 32l0 96c0 17.7 14.3 32 32 32l96 0c17.7 0 32-14.3 32-32s-14.3-32-32-32l-64 0 0-64zM320 32c-17.7 0-32 14.3-32 32s14.3 32 32 32l64 0 0 64c0 17.7 14.3 32 32 32s32-14.3 32-32l0-96c0-17.7-14.3-32-32-32l-96 0zM448 352c0-17.7-14.3-32-32-32s-32 14.3-32 32l0 64-64 0c-17.7 0-32 14.3-32 32s14.3 32 32 32l96 0c17.7 0 32-14.3 32-32l0-96z\"\/><\/svg><\/a>\t\t<\/div>\r\n\t\t\t\t\t<\/div>\r\n\t\t\t\t\t<\/div><!-- \/.dl-project-items -->\r\n\t\t\t\t<div class=\"clearfix\"><\/div>\r\n\t<\/div>\r\n\t\t\t\t\t\t<\/div>\n\t\t\t\t<\/div>\n\t\t\t\t\t<\/div>\n\t\t<\/div>\n\t\t\t\t\t<\/div>\n\t\t<\/section>\n\t\t\t\t<\/div>\n\t\t","protected":false},"excerpt":{"rendered":"<p>All Projects Arquitet\u00f4nico Interior Reforma Retrofit Arquitet\u00f4nico Casa Am\u00e9rica Reforma Retrofit Ateli\u00ea Arquitet\u00f4nico Casa Jardins Interior Casa Villani Arquitet\u00f4nico Casa SSG Arquitet\u00f4nico Casa Fazenda<\/p>\n","protected":false},"author":1,"featured_media":0,"parent":0,"menu_order":0,"comment_status":"closed","ping_status":"closed","template":"empty-template.php","meta":{"_acf_changed":false,"_eb_attr":"","_monsterinsights_skip_tracking":false,"_monsterinsights_sitenote_active":false,"_monsterinsights_sitenote_note":"","_monsterinsights_sitenote_category":0,"footnotes":""},"class_list":["post-1057","page","type-page","status-publish","hentry"],"acf":[],"aioseo_notices":[],"_links":{"self":[{"href":"https:\/\/loreanaramos.com.br\/index.php?rest_route=\/wp\/v2\/pages\/1057","targetHints":{"allow":["GET"]}}],"collection":[{"href":"https:\/\/loreanaramos.com.br\/index.php?rest_route=\/wp\/v2\/pages"}],"about":[{"href":"https:\/\/loreanaramos.com.br\/index.php?rest_route=\/wp\/v2\/types\/page"}],"author":[{"embeddable":true,"href":"https:\/\/loreanaramos.com.br\/index.php?rest_route=\/wp\/v2\/users\/1"}],"replies":[{"embeddable":true,"href":"https:\/\/loreanaramos.com.br\/index.php?rest_route=%2Fwp%2Fv2%2Fcomments&post=1057"}],"version-history":[{"count":24,"href":"https:\/\/loreanaramos.com.br\/index.php?rest_route=\/wp\/v2\/pages\/1057\/revisions"}],"predecessor-version":[{"id":1886,"href":"https:\/\/loreanaramos.com.br\/index.php?rest_route=\/wp\/v2\/pages\/1057\/revisions\/1886"}],"wp:attachment":[{"href":"https:\/\/loreanaramos.com.br\/index.php?rest_route=%2Fwp%2Fv2%2Fmedia&parent=1057"}],"curies":[{"name":"wp","href":"https:\/\/api.w.org\/{rel}","templated":true}]}}