{"id":1441,"date":"2024-09-12T19:23:06","date_gmt":"2024-09-12T19:23:06","guid":{"rendered":"https:\/\/wp.dynamiclayers.net\/arkid-importer\/?page_id=1441"},"modified":"2025-05-25T21:06:06","modified_gmt":"2025-05-26T00:06:06","slug":"about-us","status":"publish","type":"page","link":"https:\/\/loreanaramos.com.br\/?page_id=1441","title":{"rendered":"About Us"},"content":{"rendered":"\t\t<div data-elementor-type=\"wp-page\" data-elementor-id=\"1441\" class=\"elementor elementor-1441\">\n\t\t\t\t<div class=\"elementor-element elementor-element-9b7477a e-con-full e-flex e-con e-parent\" data-id=\"9b7477a\" data-element_type=\"container\">\n\t\t\t\t<div class=\"elementor-element elementor-element-801b6fc elementor-widget elementor-widget-shortcode\" data-id=\"801b6fc\" data-element_type=\"widget\" data-widget_type=\"shortcode.default\">\n\t\t\t\t<div class=\"elementor-widget-container\">\n\t\t\t\t\t\t\t<div class=\"elementor-shortcode\"><style id=\"depicter-20-inline-pre-css\">\n\n.depicter-20:not(.depicter-ready){\n\theight:700px;\n}\n\n\/***** Tablet *****\/\n@media screen and (max-width: 1024px){\n\n.depicter-20:not(.depicter-ready){\n\theight:700px;\n}\n\n}\n\/***** Mobile *****\/\n@media screen and (max-width: 767px){\n\n.depicter-20:not(.depicter-ready){\n\theight:740px;\n}\n\n}\n<\/style>\n<div id=\"depicter-20\" class=\"depicter depicter-document depicter-revert depicter-20 depicter-layout-fullwidth\">\n\n<div class=\"depicter-loading-container depicter-loading dotFlashing-dark\"><div class=\"depicter-loading-dark depicter-dot-flashing\">\n   <span><\/span>\n   <span><\/span>\n   <span><\/span>\n<\/div>\n<\/div>\n<div id=\"depicter-20-section-1\" class=\"depicter-section depicter-20-section-1\" data-name=\"Section 1\" data-type=\"section\" data-local-id=\"section-1\">\n<div data-autoplay=\"true\" data-loop=\"true\" data-player-type=\"native\" data-muted=\"true\" data-controls data-video-src=\"https:\/\/loreanaramos.com.br\/wp-content\/uploads\/2025\/03\/time-line-Lore.mp4\" id=\"depicter-20-element-4\" class=\"depicter-element depicter-layer depicter-20-element-4\" data-type=\"video\" data-wrap=\"true\" data-name=\"Video 3\" data-local-id=\"element-4\" data-offset=\"x:-126px;y:11px;origin:tl\" data-mobile-offset=\"x:0px;y:11px;origin:tl\" data-width=\"1453px,,360px\" data-height=\"auto,,\" data-responsive-scale=\"true,,\"><\/div>\n<\/div>\n<\/div>\n<script>\n(window.depicterSetups = window.depicterSetups || []).push(function(){\n\tDepicter.basePath = 'https:\/\/loreanaramos.com.br\/wp-content\/plugins\/depicter\/resources\/scripts\/player\/';\n\tconst dpPlayer = Depicter.setup('.depicter-20',\n\t\t{\"width\":[\"1200\",\"1024\",\"360\"],\"height\":[\"700\",\"700\",\"740\"],\"view\":\"basic\",\"keepAspectRatio\":true,\"preload\":0,\"layout\":\"fullwidth\",\"rtl\":false,\"initAfterAppear\":false,\"ajaxApiUrl\":\"https:\\\/\\\/loreanaramos.com.br\\\/wp-admin\\\/admin-ajax.php\",\"mouseSwipe\":true,\"touchSwipe\":true,\"useWatermark\":false}\n\t);\n});\n<\/script><\/div>\n\t\t\t\t\t\t<\/div>\n\t\t\t\t<\/div>\n\t\t\t\t<\/div>\n\t\t\t\t<section class=\"elementor-section elementor-top-section elementor-element elementor-element-c0a77c5 elementor-section-content-middle elementor-section-boxed elementor-section-height-default elementor-section-height-default\" data-id=\"c0a77c5\" data-element_type=\"section\" data-settings=\"{&quot;background_background&quot;:&quot;classic&quot;}\">\n\t\t\t\t\t\t<div class=\"elementor-container elementor-column-gap-default\">\n\t\t\t\t\t<div class=\"elementor-column elementor-col-50 elementor-top-column elementor-element elementor-element-ff2e389 elementor-invisible\" data-id=\"ff2e389\" data-element_type=\"column\" data-settings=\"{&quot;animation&quot;:&quot;fadeInLeft&quot;}\">\n\t\t\t<div class=\"elementor-widget-wrap elementor-element-populated\">\n\t\t\t\t\t\t<div class=\"elementor-element elementor-element-5ed3bcc elementor-widget__width-initial elementor-widget elementor-widget-arkid_heading\" data-id=\"5ed3bcc\" data-element_type=\"widget\" data-widget_type=\"arkid_heading.default\">\n\t\t\t\t<div class=\"elementor-widget-container\">\n\t\t\t\t\t\t\t<div id=\"wt-at-5ed3bcc\" class=\"headng-wrap left\">\r\n\t\t\t<div class=\"section-heading \">\r\n\t\t\t<h2 class=\"heading wow fade-in-up\" data-splitting=\"\">sOBRE mIM<\/h2><p class=\"desc\"><span style=\", Roboto, Helvetica, Arial, sans-serif;font-size: 14px;letter-spacing: normal\">Nunca me apresentei, e tem muita gente nova por aqui? Ent\u00e3o vamos l\u00e1! Estou a frente da nossa equipe que tem paixao pelo o que faz <\/span><span style=\", Roboto, Helvetica, Arial, sans-serif;font-size: 14px;letter-spacing: normal\">stamos comprometidos em transformar espa\u00e7os e criar ambientes que contem hist\u00f3rias \u00fanicas. Com anos de experi\u00eancia no mercado, nossa jornada tem sido uma incr\u00edvel busca pela inova\u00e7\u00e3o, qualidade e exclusividade em cada projeto.<\/span><br style=\", Roboto, Helvetica, Arial, sans-serif;font-size: 14px;letter-spacing: normal\"><br style=\", Roboto, Helvetica, Arial, sans-serif;font-size: 14px;letter-spacing: normal\"><span style=\", Roboto, Helvetica, Arial, sans-serif;font-size: 14px;letter-spacing: normal\">Nosso trabalho \u00e9 mais do que simplesmente projetar, construir e reformar. \u00c9 sobre capturar a ess\u00eancia de nossos clientes, entender seus sonhos e traduzi-los em cada detalhe, cada textura, cada cor que escolhemos. Acreditamos que um ambiente bem projetado pode ser uma express\u00e3o mais profunda de quem voc\u00ea \u00e9.<\/span><br style=\", Roboto, Helvetica, Arial, sans-serif;font-size: 14px;letter-spacing: normal\"><br style=\", Roboto, Helvetica, Arial, sans-serif;font-size: 14px;letter-spacing: normal\"><span style=\", Roboto, Helvetica, Arial, sans-serif;font-size: 14px;letter-spacing: normal\">Colocamos amor e dedica\u00e7\u00e3o em todas as etapas do processo. Queremos que cada pessoa que confia em n\u00f3s transforme seus espa\u00e7os sinta o prazer de ver seus sonhos tomando forma, etapa por etapa. Nosso objetivo \u00e9 n\u00e3o apenas satisfazer, mas tamb\u00e9m superar as expectativas, e fazemos isso com alegria, leveza, comprometimento.<\/span><br style=\", Roboto, Helvetica, Arial, sans-serif;font-size: 14px;letter-spacing: normal\"><br style=\", Roboto, Helvetica, Arial, sans-serif;font-size: 14px;letter-spacing: normal\"><span style=\", Roboto, Helvetica, Arial, sans-serif;font-size: 14px;letter-spacing: normal\">Estamos animados para embarcar em novas jornadas de design, enfrentar novos desafios e continuar a fazer o que amamos - criar espa\u00e7os que inspiram, confortam e encantam.<\/span>Somos especialistas em transformar espa\u00e7os com inova\u00e7\u00e3o, qualidade e exclusividade. Mais do que projetar e reformar, captamos a ess\u00eancia de nossos clientes para criar ambientes que refletem seus sonhos. Com dedica\u00e7\u00e3o e paix\u00e3o, buscamos superar expectativas, proporcionando experi\u00eancias \u00fanicas. Nosso compromisso \u00e9 criar espa\u00e7os que inspiram, confortam e encantam.<\/p>\t\t\t<\/div>\r\n\t\t<\/div>\r\n\t\t\t\t\t<\/div>\n\t\t\t\t<\/div>\n\t\t\t\t\t<\/div>\n\t\t<\/div>\n\t\t\t\t<div class=\"elementor-column elementor-col-50 elementor-top-column elementor-element elementor-element-97d1506 elementor-hidden-phone elementor-invisible\" data-id=\"97d1506\" data-element_type=\"column\" data-settings=\"{&quot;animation&quot;:&quot;fadeInRight&quot;,&quot;animation_delay&quot;:300}\">\n\t\t\t<div class=\"elementor-widget-wrap elementor-element-populated\">\n\t\t\t\t\t\t<div class=\"elementor-element elementor-element-135f83b elementor-widget__width-initial elementor-widget elementor-widget-arkid_image_card\" data-id=\"135f83b\" data-element_type=\"widget\" data-widget_type=\"arkid_image_card.default\">\n\t\t\t\t<div class=\"elementor-widget-container\">\n\t\t\t\t\t\t\t<div class=\"dl-image-box-2\">\r\n\t\t<img decoding=\"async\" src=\"https:\/\/loreanaramos.com.br\/wp-content\/uploads\/2025\/03\/Sem-Titulo-4-e1742569957368.jpg\" alt=\"\">\t\t\t<\/div>\r\n\t    \t\t\t\t<\/div>\n\t\t\t\t<\/div>\n\t\t\t\t\t<\/div>\n\t\t<\/div>\n\t\t\t\t\t<\/div>\n\t\t<\/section>\n\t\t\t\t<section class=\"elementor-section elementor-top-section elementor-element elementor-element-faabe74 elementor-section-height-min-height elementor-section-boxed elementor-section-height-default elementor-section-items-middle\" data-id=\"faabe74\" data-element_type=\"section\" data-settings=\"{&quot;background_background&quot;:&quot;classic&quot;}\">\n\t\t\t\t\t\t\t<div class=\"elementor-background-overlay\"><\/div>\n\t\t\t\t\t\t\t<div class=\"elementor-container elementor-column-gap-default\">\n\t\t\t\t\t<div class=\"elementor-column elementor-col-100 elementor-top-column elementor-element elementor-element-41c75cc\" data-id=\"41c75cc\" data-element_type=\"column\">\n\t\t\t<div class=\"elementor-widget-wrap elementor-element-populated\">\n\t\t\t\t\t\t<div class=\"elementor-element elementor-element-7b3be18 elementor-widget elementor-widget-arkid_heading\" data-id=\"7b3be18\" data-element_type=\"widget\" data-widget_type=\"arkid_heading.default\">\n\t\t\t\t<div class=\"elementor-widget-container\">\n\t\t\t\t\t\t\t<div id=\"wt-at-7b3be18\" class=\"headng-wrap center\">\r\n\t\t\t<div class=\"section-heading bd\">\r\n\t\t\t<h2 class=\"heading wow fade-in-up\" data-splitting=\"\">Equipe<\/h2>\t\t\t<\/div>\r\n\t\t<\/div>\r\n\t\t\t\t\t<\/div>\n\t\t\t\t<\/div>\n\t\t\t\t\t<\/div>\n\t\t<\/div>\n\t\t\t\t\t<\/div>\n\t\t<\/section>\n\t\t\t\t<section class=\"elementor-section elementor-top-section elementor-element elementor-element-216ef7f elementor-section-boxed elementor-section-height-default elementor-section-height-default\" data-id=\"216ef7f\" data-element_type=\"section\" data-settings=\"{&quot;background_background&quot;:&quot;classic&quot;}\">\n\t\t\t\t\t\t\t<div class=\"elementor-background-overlay\"><\/div>\n\t\t\t\t\t\t\t<div class=\"elementor-container elementor-column-gap-default\">\n\t\t\t\t\t<div class=\"elementor-column elementor-col-100 elementor-top-column elementor-element elementor-element-44ccf78\" data-id=\"44ccf78\" data-element_type=\"column\">\n\t\t\t<div class=\"elementor-widget-wrap elementor-element-populated\">\n\t\t\t\t\t\t<section class=\"elementor-section elementor-inner-section elementor-element elementor-element-39fb78b elementor-section-boxed elementor-section-height-default elementor-section-height-default\" data-id=\"39fb78b\" data-element_type=\"section\">\n\t\t\t\t\t\t<div class=\"elementor-container elementor-column-gap-default\">\n\t\t\t\t\t<div class=\"elementor-column elementor-col-25 elementor-inner-column elementor-element elementor-element-16a704d\" data-id=\"16a704d\" data-element_type=\"column\">\n\t\t\t<div class=\"elementor-widget-wrap elementor-element-populated\">\n\t\t\t\t\t\t<div class=\"elementor-element elementor-element-b9ca052 elementor-invisible elementor-widget elementor-widget-arkid_team\" data-id=\"b9ca052\" data-element_type=\"widget\" data-settings=\"{&quot;_animation&quot;:&quot;fadeInUp&quot;}\" data-widget_type=\"arkid_team.default\">\n\t\t\t\t<div class=\"elementor-widget-container\">\n\t\t\t\t\t\t\t\t\t<div class=\"team-item style-1\">\r\n\t\t<div class=\"overlay\"><\/div>\t\t\t<img fetchpriority=\"high\" decoding=\"async\" width=\"260\" height=\"350\" src=\"https:\/\/loreanaramos.com.br\/wp-content\/uploads\/2024\/08\/260x350.jpeg\" class=\"attachment-full size-full wp-image-1359\" alt=\"\" \/>\t\t\t\t\t\t<div class=\"team-content\">\r\n\t\t\t\t<h3 >Member Name<\/h3><span >Arquiteto<\/span>\t\t\t<\/div>\r\n\t\t\t\t\t\t<ul class=\"team-social\"><li><a class=\"fb\" href=\"#\" target=\"_blank\"><svg xmlns=\"http:\/\/www.w3.org\/2000\/svg\" viewBox=\"0 0 320 512\"><path d=\"M80 299.3V512H196V299.3h86.5l18-97.8H196V166.9c0-51.7 20.3-71.5 72.7-71.5c16.3 0 29.4 .4 37 1.2V7.9C291.4 4 256.4 0 236.2 0C129.3 0 80 50.5 80 159.4v42.1H14v97.8H80z\"\/><\/svg><\/a><\/li><li><a class=\"twitter\" href=\"#\" target=\"_blank\"><svg xmlns=\"http:\/\/www.w3.org\/2000\/svg\" viewBox=\"0 0 512 512\"><path d=\"M389.2 48h70.6L305.6 224.2 487 464H345L233.7 318.6 106.5 464H35.8L200.7 275.5 26.8 48H172.4L272.9 180.9 389.2 48zM364.4 421.8h39.1L151.1 88h-42L364.4 421.8z\"\/><\/svg><\/a><\/li><li><a class=\"insta\" href=\"#\" target=\"_blank\"><svg xmlns=\"http:\/\/www.w3.org\/2000\/svg\" viewBox=\"0 0 448 512\"><path d=\"M224.1 141c-63.6 0-114.9 51.3-114.9 114.9s51.3 114.9 114.9 114.9S339 319.5 339 255.9 287.7 141 224.1 141zm0 189.6c-41.1 0-74.7-33.5-74.7-74.7s33.5-74.7 74.7-74.7 74.7 33.5 74.7 74.7-33.6 74.7-74.7 74.7zm146.4-194.3c0 14.9-12 26.8-26.8 26.8-14.9 0-26.8-12-26.8-26.8s12-26.8 26.8-26.8 26.8 12 26.8 26.8zm76.1 27.2c-1.7-35.9-9.9-67.7-36.2-93.9-26.2-26.2-58-34.4-93.9-36.2-37-2.1-147.9-2.1-184.9 0-35.8 1.7-67.6 9.9-93.9 36.1s-34.4 58-36.2 93.9c-2.1 37-2.1 147.9 0 184.9 1.7 35.9 9.9 67.7 36.2 93.9s58 34.4 93.9 36.2c37 2.1 147.9 2.1 184.9 0 35.9-1.7 67.7-9.9 93.9-36.2 26.2-26.2 34.4-58 36.2-93.9 2.1-37 2.1-147.8 0-184.8zM398.8 388c-7.8 19.6-22.9 34.7-42.6 42.6-29.5 11.7-99.5 9-132.1 9s-102.7 2.6-132.1-9c-19.6-7.8-34.7-22.9-42.6-42.6-11.7-29.5-9-99.5-9-132.1s-2.6-102.7 9-132.1c7.8-19.6 22.9-34.7 42.6-42.6 29.5-11.7 99.5-9 132.1-9s102.7-2.6 132.1 9c19.6 7.8 34.7 22.9 42.6 42.6 11.7 29.5 9 99.5 9 132.1s2.7 102.7-9 132.1z\"\/><\/svg><\/a><\/li><li><a class=\"linkedin\" href=\"#\" target=\"_blank\"><svg xmlns=\"http:\/\/www.w3.org\/2000\/svg\" viewBox=\"0 0 448 512\"><path d=\"M100.3 448H7.4V148.9h92.9zM53.8 108.1C24.1 108.1 0 83.5 0 53.8a53.8 53.8 0 0 1 107.6 0c0 29.7-24.1 54.3-53.8 54.3zM447.9 448h-92.7V302.4c0-34.7-.7-79.2-48.3-79.2-48.3 0-55.7 37.7-55.7 76.7V448h-92.8V148.9h89.1v40.8h1.3c12.4-23.5 42.7-48.3 87.9-48.3 94 0 111.3 61.9 111.3 142.3V448z\"\/><\/svg><\/a><\/li><\/ul>\t\t<\/div>\r\n\t\t\t\t\t\t<\/div>\n\t\t\t\t<\/div>\n\t\t\t\t\t<\/div>\n\t\t<\/div>\n\t\t\t\t<div class=\"elementor-column elementor-col-25 elementor-inner-column elementor-element elementor-element-596795e\" data-id=\"596795e\" data-element_type=\"column\">\n\t\t\t<div class=\"elementor-widget-wrap elementor-element-populated\">\n\t\t\t\t\t\t<div class=\"elementor-element elementor-element-7f4a5f3 elementor-invisible elementor-widget elementor-widget-arkid_team\" data-id=\"7f4a5f3\" data-element_type=\"widget\" data-settings=\"{&quot;_animation&quot;:&quot;fadeInUp&quot;,&quot;_animation_delay&quot;:300}\" data-widget_type=\"arkid_team.default\">\n\t\t\t\t<div class=\"elementor-widget-container\">\n\t\t\t\t\t\t\t\t\t<div class=\"team-item style-1\">\r\n\t\t<div class=\"overlay\"><\/div>\t\t\t<img fetchpriority=\"high\" decoding=\"async\" width=\"260\" height=\"350\" src=\"https:\/\/loreanaramos.com.br\/wp-content\/uploads\/2024\/08\/260x350.jpeg\" class=\"attachment-full size-full wp-image-1359\" alt=\"\" \/>\t\t\t\t\t\t<div class=\"team-content\">\r\n\t\t\t\t<h3 >Fiorella Ib\u00e1\u00f1ez<\/h3><span >Arquiteto<\/span>\t\t\t<\/div>\r\n\t\t\t\t\t\t<ul class=\"team-social\"><li><a class=\"fb\" href=\"#\" target=\"_blank\"><svg xmlns=\"http:\/\/www.w3.org\/2000\/svg\" viewBox=\"0 0 320 512\"><path d=\"M80 299.3V512H196V299.3h86.5l18-97.8H196V166.9c0-51.7 20.3-71.5 72.7-71.5c16.3 0 29.4 .4 37 1.2V7.9C291.4 4 256.4 0 236.2 0C129.3 0 80 50.5 80 159.4v42.1H14v97.8H80z\"\/><\/svg><\/a><\/li><li><a class=\"twitter\" href=\"#\" target=\"_blank\"><svg xmlns=\"http:\/\/www.w3.org\/2000\/svg\" viewBox=\"0 0 512 512\"><path d=\"M389.2 48h70.6L305.6 224.2 487 464H345L233.7 318.6 106.5 464H35.8L200.7 275.5 26.8 48H172.4L272.9 180.9 389.2 48zM364.4 421.8h39.1L151.1 88h-42L364.4 421.8z\"\/><\/svg><\/a><\/li><li><a class=\"insta\" href=\"#\" target=\"_blank\"><svg xmlns=\"http:\/\/www.w3.org\/2000\/svg\" viewBox=\"0 0 448 512\"><path d=\"M224.1 141c-63.6 0-114.9 51.3-114.9 114.9s51.3 114.9 114.9 114.9S339 319.5 339 255.9 287.7 141 224.1 141zm0 189.6c-41.1 0-74.7-33.5-74.7-74.7s33.5-74.7 74.7-74.7 74.7 33.5 74.7 74.7-33.6 74.7-74.7 74.7zm146.4-194.3c0 14.9-12 26.8-26.8 26.8-14.9 0-26.8-12-26.8-26.8s12-26.8 26.8-26.8 26.8 12 26.8 26.8zm76.1 27.2c-1.7-35.9-9.9-67.7-36.2-93.9-26.2-26.2-58-34.4-93.9-36.2-37-2.1-147.9-2.1-184.9 0-35.8 1.7-67.6 9.9-93.9 36.1s-34.4 58-36.2 93.9c-2.1 37-2.1 147.9 0 184.9 1.7 35.9 9.9 67.7 36.2 93.9s58 34.4 93.9 36.2c37 2.1 147.9 2.1 184.9 0 35.9-1.7 67.7-9.9 93.9-36.2 26.2-26.2 34.4-58 36.2-93.9 2.1-37 2.1-147.8 0-184.8zM398.8 388c-7.8 19.6-22.9 34.7-42.6 42.6-29.5 11.7-99.5 9-132.1 9s-102.7 2.6-132.1-9c-19.6-7.8-34.7-22.9-42.6-42.6-11.7-29.5-9-99.5-9-132.1s-2.6-102.7 9-132.1c7.8-19.6 22.9-34.7 42.6-42.6 29.5-11.7 99.5-9 132.1-9s102.7-2.6 132.1 9c19.6 7.8 34.7 22.9 42.6 42.6 11.7 29.5 9 99.5 9 132.1s2.7 102.7-9 132.1z\"\/><\/svg><\/a><\/li><li><a class=\"linkedin\" href=\"#\" target=\"_blank\"><svg xmlns=\"http:\/\/www.w3.org\/2000\/svg\" viewBox=\"0 0 448 512\"><path d=\"M100.3 448H7.4V148.9h92.9zM53.8 108.1C24.1 108.1 0 83.5 0 53.8a53.8 53.8 0 0 1 107.6 0c0 29.7-24.1 54.3-53.8 54.3zM447.9 448h-92.7V302.4c0-34.7-.7-79.2-48.3-79.2-48.3 0-55.7 37.7-55.7 76.7V448h-92.8V148.9h89.1v40.8h1.3c12.4-23.5 42.7-48.3 87.9-48.3 94 0 111.3 61.9 111.3 142.3V448z\"\/><\/svg><\/a><\/li><\/ul>\t\t<\/div>\r\n\t\t\t\t\t\t<\/div>\n\t\t\t\t<\/div>\n\t\t\t\t\t<\/div>\n\t\t<\/div>\n\t\t\t\t<div class=\"elementor-column elementor-col-25 elementor-inner-column elementor-element elementor-element-7c7c18b\" data-id=\"7c7c18b\" data-element_type=\"column\">\n\t\t\t<div class=\"elementor-widget-wrap elementor-element-populated\">\n\t\t\t\t\t\t<div class=\"elementor-element elementor-element-0dc7f81 elementor-invisible elementor-widget elementor-widget-arkid_team\" data-id=\"0dc7f81\" data-element_type=\"widget\" data-settings=\"{&quot;_animation&quot;:&quot;fadeInUp&quot;,&quot;_animation_delay&quot;:400}\" data-widget_type=\"arkid_team.default\">\n\t\t\t\t<div class=\"elementor-widget-container\">\n\t\t\t\t\t\t\t\t\t<div class=\"team-item style-1\">\r\n\t\t<div class=\"overlay\"><\/div>\t\t\t<img fetchpriority=\"high\" decoding=\"async\" width=\"260\" height=\"350\" src=\"https:\/\/loreanaramos.com.br\/wp-content\/uploads\/2024\/08\/260x350.jpeg\" class=\"attachment-full size-full wp-image-1359\" alt=\"\" \/>\t\t\t\t\t\t<div class=\"team-content\">\r\n\t\t\t\t<h3 >Jos\u00e9 Carpio<\/h3><span >Engenheiro<\/span>\t\t\t<\/div>\r\n\t\t\t\t\t\t<ul class=\"team-social\"><li><a class=\"fb\" href=\"#\" target=\"_blank\"><svg xmlns=\"http:\/\/www.w3.org\/2000\/svg\" viewBox=\"0 0 320 512\"><path d=\"M80 299.3V512H196V299.3h86.5l18-97.8H196V166.9c0-51.7 20.3-71.5 72.7-71.5c16.3 0 29.4 .4 37 1.2V7.9C291.4 4 256.4 0 236.2 0C129.3 0 80 50.5 80 159.4v42.1H14v97.8H80z\"\/><\/svg><\/a><\/li><li><a class=\"twitter\" href=\"#\" target=\"_blank\"><svg xmlns=\"http:\/\/www.w3.org\/2000\/svg\" viewBox=\"0 0 512 512\"><path d=\"M389.2 48h70.6L305.6 224.2 487 464H345L233.7 318.6 106.5 464H35.8L200.7 275.5 26.8 48H172.4L272.9 180.9 389.2 48zM364.4 421.8h39.1L151.1 88h-42L364.4 421.8z\"\/><\/svg><\/a><\/li><li><a class=\"insta\" href=\"#\" target=\"_blank\"><svg xmlns=\"http:\/\/www.w3.org\/2000\/svg\" viewBox=\"0 0 448 512\"><path d=\"M224.1 141c-63.6 0-114.9 51.3-114.9 114.9s51.3 114.9 114.9 114.9S339 319.5 339 255.9 287.7 141 224.1 141zm0 189.6c-41.1 0-74.7-33.5-74.7-74.7s33.5-74.7 74.7-74.7 74.7 33.5 74.7 74.7-33.6 74.7-74.7 74.7zm146.4-194.3c0 14.9-12 26.8-26.8 26.8-14.9 0-26.8-12-26.8-26.8s12-26.8 26.8-26.8 26.8 12 26.8 26.8zm76.1 27.2c-1.7-35.9-9.9-67.7-36.2-93.9-26.2-26.2-58-34.4-93.9-36.2-37-2.1-147.9-2.1-184.9 0-35.8 1.7-67.6 9.9-93.9 36.1s-34.4 58-36.2 93.9c-2.1 37-2.1 147.9 0 184.9 1.7 35.9 9.9 67.7 36.2 93.9s58 34.4 93.9 36.2c37 2.1 147.9 2.1 184.9 0 35.9-1.7 67.7-9.9 93.9-36.2 26.2-26.2 34.4-58 36.2-93.9 2.1-37 2.1-147.8 0-184.8zM398.8 388c-7.8 19.6-22.9 34.7-42.6 42.6-29.5 11.7-99.5 9-132.1 9s-102.7 2.6-132.1-9c-19.6-7.8-34.7-22.9-42.6-42.6-11.7-29.5-9-99.5-9-132.1s-2.6-102.7 9-132.1c7.8-19.6 22.9-34.7 42.6-42.6 29.5-11.7 99.5-9 132.1-9s102.7-2.6 132.1 9c19.6 7.8 34.7 22.9 42.6 42.6 11.7 29.5 9 99.5 9 132.1s2.7 102.7-9 132.1z\"\/><\/svg><\/a><\/li><li><a class=\"linkedin\" href=\"#\" target=\"_blank\"><svg xmlns=\"http:\/\/www.w3.org\/2000\/svg\" viewBox=\"0 0 448 512\"><path d=\"M100.3 448H7.4V148.9h92.9zM53.8 108.1C24.1 108.1 0 83.5 0 53.8a53.8 53.8 0 0 1 107.6 0c0 29.7-24.1 54.3-53.8 54.3zM447.9 448h-92.7V302.4c0-34.7-.7-79.2-48.3-79.2-48.3 0-55.7 37.7-55.7 76.7V448h-92.8V148.9h89.1v40.8h1.3c12.4-23.5 42.7-48.3 87.9-48.3 94 0 111.3 61.9 111.3 142.3V448z\"\/><\/svg><\/a><\/li><\/ul>\t\t<\/div>\r\n\t\t\t\t\t\t<\/div>\n\t\t\t\t<\/div>\n\t\t\t\t\t<\/div>\n\t\t<\/div>\n\t\t\t\t<div class=\"elementor-column elementor-col-25 elementor-inner-column elementor-element elementor-element-8e5645f\" data-id=\"8e5645f\" data-element_type=\"column\">\n\t\t\t<div class=\"elementor-widget-wrap elementor-element-populated\">\n\t\t\t\t\t\t<div class=\"elementor-element elementor-element-3fe5157 elementor-invisible elementor-widget elementor-widget-arkid_team\" data-id=\"3fe5157\" data-element_type=\"widget\" data-settings=\"{&quot;_animation&quot;:&quot;fadeInUp&quot;,&quot;_animation_delay&quot;:500}\" data-widget_type=\"arkid_team.default\">\n\t\t\t\t<div class=\"elementor-widget-container\">\n\t\t\t\t\t\t\t\t\t<div class=\"team-item style-1\">\r\n\t\t<div class=\"overlay\"><\/div>\t\t\t<img fetchpriority=\"high\" decoding=\"async\" width=\"260\" height=\"350\" src=\"https:\/\/loreanaramos.com.br\/wp-content\/uploads\/2024\/08\/260x350.jpeg\" class=\"attachment-full size-full wp-image-1359\" alt=\"\" \/>\t\t\t\t\t\t<div class=\"team-content\">\r\n\t\t\t\t<h3 >Adam Castellon<\/h3><span >Financeiro<\/span>\t\t\t<\/div>\r\n\t\t\t\t\t\t<ul class=\"team-social\"><li><a class=\"fb\" href=\"#\" target=\"_blank\"><svg xmlns=\"http:\/\/www.w3.org\/2000\/svg\" viewBox=\"0 0 320 512\"><path d=\"M80 299.3V512H196V299.3h86.5l18-97.8H196V166.9c0-51.7 20.3-71.5 72.7-71.5c16.3 0 29.4 .4 37 1.2V7.9C291.4 4 256.4 0 236.2 0C129.3 0 80 50.5 80 159.4v42.1H14v97.8H80z\"\/><\/svg><\/a><\/li><li><a class=\"twitter\" href=\"#\" target=\"_blank\"><svg xmlns=\"http:\/\/www.w3.org\/2000\/svg\" viewBox=\"0 0 512 512\"><path d=\"M389.2 48h70.6L305.6 224.2 487 464H345L233.7 318.6 106.5 464H35.8L200.7 275.5 26.8 48H172.4L272.9 180.9 389.2 48zM364.4 421.8h39.1L151.1 88h-42L364.4 421.8z\"\/><\/svg><\/a><\/li><li><a class=\"insta\" href=\"#\" target=\"_blank\"><svg xmlns=\"http:\/\/www.w3.org\/2000\/svg\" viewBox=\"0 0 448 512\"><path d=\"M224.1 141c-63.6 0-114.9 51.3-114.9 114.9s51.3 114.9 114.9 114.9S339 319.5 339 255.9 287.7 141 224.1 141zm0 189.6c-41.1 0-74.7-33.5-74.7-74.7s33.5-74.7 74.7-74.7 74.7 33.5 74.7 74.7-33.6 74.7-74.7 74.7zm146.4-194.3c0 14.9-12 26.8-26.8 26.8-14.9 0-26.8-12-26.8-26.8s12-26.8 26.8-26.8 26.8 12 26.8 26.8zm76.1 27.2c-1.7-35.9-9.9-67.7-36.2-93.9-26.2-26.2-58-34.4-93.9-36.2-37-2.1-147.9-2.1-184.9 0-35.8 1.7-67.6 9.9-93.9 36.1s-34.4 58-36.2 93.9c-2.1 37-2.1 147.9 0 184.9 1.7 35.9 9.9 67.7 36.2 93.9s58 34.4 93.9 36.2c37 2.1 147.9 2.1 184.9 0 35.9-1.7 67.7-9.9 93.9-36.2 26.2-26.2 34.4-58 36.2-93.9 2.1-37 2.1-147.8 0-184.8zM398.8 388c-7.8 19.6-22.9 34.7-42.6 42.6-29.5 11.7-99.5 9-132.1 9s-102.7 2.6-132.1-9c-19.6-7.8-34.7-22.9-42.6-42.6-11.7-29.5-9-99.5-9-132.1s-2.6-102.7 9-132.1c7.8-19.6 22.9-34.7 42.6-42.6 29.5-11.7 99.5-9 132.1-9s102.7-2.6 132.1 9c19.6 7.8 34.7 22.9 42.6 42.6 11.7 29.5 9 99.5 9 132.1s2.7 102.7-9 132.1z\"\/><\/svg><\/a><\/li><li><a class=\"linkedin\" href=\"#\" target=\"_blank\"><svg xmlns=\"http:\/\/www.w3.org\/2000\/svg\" viewBox=\"0 0 448 512\"><path d=\"M100.3 448H7.4V148.9h92.9zM53.8 108.1C24.1 108.1 0 83.5 0 53.8a53.8 53.8 0 0 1 107.6 0c0 29.7-24.1 54.3-53.8 54.3zM447.9 448h-92.7V302.4c0-34.7-.7-79.2-48.3-79.2-48.3 0-55.7 37.7-55.7 76.7V448h-92.8V148.9h89.1v40.8h1.3c12.4-23.5 42.7-48.3 87.9-48.3 94 0 111.3 61.9 111.3 142.3V448z\"\/><\/svg><\/a><\/li><\/ul>\t\t<\/div>\r\n\t\t\t\t\t\t<\/div>\n\t\t\t\t<\/div>\n\t\t\t\t\t<\/div>\n\t\t<\/div>\n\t\t\t\t\t<\/div>\n\t\t<\/section>\n\t\t\t\t\t<\/div>\n\t\t<\/div>\n\t\t\t\t\t<\/div>\n\t\t<\/section>\n\t\t\t\t<\/div>\n\t\t","protected":false},"excerpt":{"rendered":"<p>sOBRE mIM Nunca me apresentei, e tem muita gente nova por aqui? Ent\u00e3o vamos l\u00e1! Estou a frente da nossa equipe que tem paixao pelo o que faz stamos comprometidos em transformar espa\u00e7os e criar ambientes que contem hist\u00f3rias \u00fanicas. Com anos de experi\u00eancia no mercado, nossa jornada tem sido uma incr\u00edvel busca pela inova\u00e7\u00e3o,<\/p>\n","protected":false},"author":1,"featured_media":0,"parent":0,"menu_order":0,"comment_status":"closed","ping_status":"closed","template":"empty-template.php","meta":{"_acf_changed":false,"_eb_attr":"","_monsterinsights_skip_tracking":false,"_monsterinsights_sitenote_active":false,"_monsterinsights_sitenote_note":"","_monsterinsights_sitenote_category":0,"footnotes":""},"class_list":["post-1441","page","type-page","status-publish","hentry"],"acf":[],"aioseo_notices":[],"_links":{"self":[{"href":"https:\/\/loreanaramos.com.br\/index.php?rest_route=\/wp\/v2\/pages\/1441","targetHints":{"allow":["GET"]}}],"collection":[{"href":"https:\/\/loreanaramos.com.br\/index.php?rest_route=\/wp\/v2\/pages"}],"about":[{"href":"https:\/\/loreanaramos.com.br\/index.php?rest_route=\/wp\/v2\/types\/page"}],"author":[{"embeddable":true,"href":"https:\/\/loreanaramos.com.br\/index.php?rest_route=\/wp\/v2\/users\/1"}],"replies":[{"embeddable":true,"href":"https:\/\/loreanaramos.com.br\/index.php?rest_route=%2Fwp%2Fv2%2Fcomments&post=1441"}],"version-history":[{"count":10,"href":"https:\/\/loreanaramos.com.br\/index.php?rest_route=\/wp\/v2\/pages\/1441\/revisions"}],"predecessor-version":[{"id":1850,"href":"https:\/\/loreanaramos.com.br\/index.php?rest_route=\/wp\/v2\/pages\/1441\/revisions\/1850"}],"wp:attachment":[{"href":"https:\/\/loreanaramos.com.br\/index.php?rest_route=%2Fwp%2Fv2%2Fmedia&parent=1441"}],"curies":[{"name":"wp","href":"https:\/\/api.w.org\/{rel}","templated":true}]}}